{"id":38,"date":"2018-03-31T16:44:29","date_gmt":"2018-03-31T14:44:29","guid":{"rendered":"http:\/\/old.gesellschaftslabor.com\/?page_id=38"},"modified":"2018-03-31T16:44:29","modified_gmt":"2018-03-31T14:44:29","slug":"projekte","status":"publish","type":"page","link":"https:\/\/old.gesellschaftslabor.com\/?page_id=38","title":{"rendered":"Projekte"},"content":{"rendered":"<p class=\"intro\">Der Surplus ist (&#8230;) der \u00dcberschuss, der \u00fcber das zum Leben notwendige Ma\u00df hinaus produziert wird.<\/p>\n<p>Projekte des Gesellschaftslabors laden ein andere Perspektiven einzunehmen. Sie verstehen sich dabei nicht als letztg\u00fcltige Realit\u00e4ten, sondern basieren auf unseren subjektive Wirklichkeiten und pers\u00f6nlichen Wahrheiten. Sie sollen die M\u00f6glichkeit bieten etwas auszuprobieren. Den eigenen Horizont zu erweitern. Sollen umr\u00fchren. Aha-Erlebnisse produzieren. Was Sie daraus machen, \u00fcberlassen wir Ihrer gro\u00dfartigen Fantasie. Es ist und bleibt eine &#8222;cosa mentale&#8220;, was wir auf der Welt sehen.<\/p>\n<p>Aktuelle Projekte finden Sie als Unterpunkte im Men\u00fc rechts oben. <\/p>\n","protected":false},"excerpt":{"rendered":"<p>Der Surplus ist (&#8230;) der \u00dcberschuss, der \u00fcber das zum Leben notwendige Ma\u00df hinaus produziert wird. Projekte des Gesellschaftslabors laden ein andere Perspektiven einzunehmen. Sie verstehen sich dabei nicht als letztg\u00fcltige Realit\u00e4ten, sondern basieren auf unseren subjektive Wirklichkeiten und pers\u00f6nlichen Wahrheiten. Sie sollen die M\u00f6glichkeit bieten etwas auszuprobieren. Den eigenen Horizont zu erweitern. Sollen umr\u00fchren. [&hellip;]<\/p>\n","protected":false},"author":1,"featured_media":0,"parent":0,"menu_order":0,"comment_status":"closed","ping_status":"closed","template":"","meta":{"footnotes":""},"class_list":["post-38","page","type-page","status-publish","hentry"],"_links":{"self":[{"href":"https:\/\/old.gesellschaftslabor.com\/index.php?rest_route=\/wp\/v2\/pages\/38","targetHints":{"allow":["GET"]}}],"collection":[{"href":"https:\/\/old.gesellschaftslabor.com\/index.php?rest_route=\/wp\/v2\/pages"}],"about":[{"href":"https:\/\/old.gesellschaftslabor.com\/index.php?rest_route=\/wp\/v2\/types\/page"}],"author":[{"embeddable":true,"href":"https:\/\/old.gesellschaftslabor.com\/index.php?rest_route=\/wp\/v2\/users\/1"}],"replies":[{"embeddable":true,"href":"https:\/\/old.gesellschaftslabor.com\/index.php?rest_route=%2Fwp%2Fv2%2Fcomments&post=38"}],"version-history":[{"count":1,"href":"https:\/\/old.gesellschaftslabor.com\/index.php?rest_route=\/wp\/v2\/pages\/38\/revisions"}],"predecessor-version":[{"id":39,"href":"https:\/\/old.gesellschaftslabor.com\/index.php?rest_route=\/wp\/v2\/pages\/38\/revisions\/39"}],"wp:attachment":[{"href":"https:\/\/old.gesellschaftslabor.com\/index.php?rest_route=%2Fwp%2Fv2%2Fmedia&parent=38"}],"curies":[{"name":"wp","href":"https:\/\/api.w.org\/{rel}","templated":true}]}}