{"id":62,"date":"2018-03-31T16:58:46","date_gmt":"2018-03-31T14:58:46","guid":{"rendered":"http:\/\/old.gesellschaftslabor.com\/?page_id=62"},"modified":"2018-03-31T16:58:55","modified_gmt":"2018-03-31T14:58:55","slug":"geld","status":"publish","type":"page","link":"https:\/\/old.gesellschaftslabor.com\/?page_id=62","title":{"rendered":"Geld"},"content":{"rendered":"<p><img loading=\"lazy\" decoding=\"async\" src=\"http:\/\/old.gesellschaftslabor.com\/wp-content\/uploads\/2018\/03\/IMAG1962.jpg\" alt=\"\" width=\"1456\" height=\"832\" class=\"alignnone size-full wp-image-63\" srcset=\"https:\/\/old.gesellschaftslabor.com\/wp-content\/uploads\/2018\/03\/IMAG1962.jpg 1456w, https:\/\/old.gesellschaftslabor.com\/wp-content\/uploads\/2018\/03\/IMAG1962-300x171.jpg 300w, https:\/\/old.gesellschaftslabor.com\/wp-content\/uploads\/2018\/03\/IMAG1962-768x439.jpg 768w, https:\/\/old.gesellschaftslabor.com\/wp-content\/uploads\/2018\/03\/IMAG1962-1024x585.jpg 1024w\" sizes=\"auto, (max-width: 1456px) 100vw, 1456px\" \/><\/p>\n<p class=\"intro\">Wieso Geld nicht einfach verschenken?<\/p>\n<p>&#8211;\tweil man normalerweise daf\u00fcr arbeiten muss?<br \/>\n&#8211;\tweil alle gerne selbst mehr h\u00e4tten?<br \/>\n&#8211;\tweil man es braucht um sich und andere gl\u00fccklich zu kaufen?<br \/>\n&#8211;\tweil es ein Zeichen f\u00fcr Erfolg und Macht ist?<br \/>\n&#8211;\tweil es Anerkennung bringt und den sozialen Status hebt?<br \/>\n&#8211;\tweil es ein Gef\u00fchl von Sicherheit vermittelt genug zu haben?<\/p>\n","protected":false},"excerpt":{"rendered":"<p>Wieso Geld nicht einfach verschenken? &#8211; weil man normalerweise daf\u00fcr arbeiten muss? &#8211; weil alle gerne selbst mehr h\u00e4tten? &#8211; weil man es braucht um sich und andere gl\u00fccklich zu kaufen? &#8211; weil es ein Zeichen f\u00fcr Erfolg und Macht ist? &#8211; weil es Anerkennung bringt und den sozialen Status hebt? &#8211; weil es ein [&hellip;]<\/p>\n","protected":false},"author":1,"featured_media":0,"parent":0,"menu_order":0,"comment_status":"closed","ping_status":"closed","template":"page-templates\/about-page.php","meta":{"footnotes":""},"class_list":["post-62","page","type-page","status-publish","hentry"],"_links":{"self":[{"href":"https:\/\/old.gesellschaftslabor.com\/index.php?rest_route=\/wp\/v2\/pages\/62","targetHints":{"allow":["GET"]}}],"collection":[{"href":"https:\/\/old.gesellschaftslabor.com\/index.php?rest_route=\/wp\/v2\/pages"}],"about":[{"href":"https:\/\/old.gesellschaftslabor.com\/index.php?rest_route=\/wp\/v2\/types\/page"}],"author":[{"embeddable":true,"href":"https:\/\/old.gesellschaftslabor.com\/index.php?rest_route=\/wp\/v2\/users\/1"}],"replies":[{"embeddable":true,"href":"https:\/\/old.gesellschaftslabor.com\/index.php?rest_route=%2Fwp%2Fv2%2Fcomments&post=62"}],"version-history":[{"count":1,"href":"https:\/\/old.gesellschaftslabor.com\/index.php?rest_route=\/wp\/v2\/pages\/62\/revisions"}],"predecessor-version":[{"id":64,"href":"https:\/\/old.gesellschaftslabor.com\/index.php?rest_route=\/wp\/v2\/pages\/62\/revisions\/64"}],"wp:attachment":[{"href":"https:\/\/old.gesellschaftslabor.com\/index.php?rest_route=%2Fwp%2Fv2%2Fmedia&parent=62"}],"curies":[{"name":"wp","href":"https:\/\/api.w.org\/{rel}","templated":true}]}}