{"id":83,"date":"2018-03-31T17:09:48","date_gmt":"2018-03-31T15:09:48","guid":{"rendered":"http:\/\/old.gesellschaftslabor.com\/?page_id=83"},"modified":"2018-03-31T17:09:55","modified_gmt":"2018-03-31T15:09:55","slug":"realitaetsverlust","status":"publish","type":"page","link":"https:\/\/old.gesellschaftslabor.com\/?page_id=83","title":{"rendered":"Realit\u00e4tsverlust"},"content":{"rendered":"<p class=\"intro\">Realit\u00e4tsverlust beschreibt den Zustand nicht (mehr) in der Lage zu sein, die Situation, in der man sich befindet, zu begreifen.<\/p>\n<p>&#8222;Sie sind 47 Jahre alt und nicht verheiratet. Aus ihrer Kleidung schlie\u00dfe ich, dass Sie viel Geld haben. Ihre K\u00f6rperhaltung sagt mir, dass Sie einen Job mit F\u00fchrungsverantwortung aus\u00fcben. Ich glaube Sie sind Abteilungsleiter im Bereich Maschinenbau. Sie haben zwei Kinder im Alter von 5 und 9 Jahren. Ihre Frau ist Grafikerin. Ich glaube Sie sind sportlich. Eher Einzelg\u00e4nger&#8230; &#8220;<\/p>\n<p>Fremden sagen, wer sie sind. Tun, was man unausgesprochen ohnehin tut. Einziger Unterschied: man stellt es dem Gegen\u00fcber zur Verf\u00fcgung. Eigene (Vor-)Urteile und Projektionen an die Oberfl\u00e4che bringen. Sich selbst dabei zuschauen. Eindrucksvoll vorgef\u00fchrt bekommen, dass unser direktes Umfeld nur selten das ist, was es in unseren K\u00f6pfen zu sein scheint. Hinter die Fassade(n) schauen. Unfassbar viele M\u00f6glichkeiten entdecken.<\/p>\n<p>Realit\u00e4tsverlust? Realit\u00e4tsgewinn!<\/p>\n","protected":false},"excerpt":{"rendered":"<p>Realit\u00e4tsverlust beschreibt den Zustand nicht (mehr) in der Lage zu sein, die Situation, in der man sich befindet, zu begreifen. &#8222;Sie sind 47 Jahre alt und nicht verheiratet. Aus ihrer Kleidung schlie\u00dfe ich, dass Sie viel Geld haben. Ihre K\u00f6rperhaltung sagt mir, dass Sie einen Job mit F\u00fchrungsverantwortung aus\u00fcben. Ich glaube Sie sind Abteilungsleiter im [&hellip;]<\/p>\n","protected":false},"author":1,"featured_media":0,"parent":0,"menu_order":0,"comment_status":"closed","ping_status":"closed","template":"page-templates\/about-page.php","meta":{"footnotes":""},"class_list":["post-83","page","type-page","status-publish","hentry"],"_links":{"self":[{"href":"https:\/\/old.gesellschaftslabor.com\/index.php?rest_route=\/wp\/v2\/pages\/83","targetHints":{"allow":["GET"]}}],"collection":[{"href":"https:\/\/old.gesellschaftslabor.com\/index.php?rest_route=\/wp\/v2\/pages"}],"about":[{"href":"https:\/\/old.gesellschaftslabor.com\/index.php?rest_route=\/wp\/v2\/types\/page"}],"author":[{"embeddable":true,"href":"https:\/\/old.gesellschaftslabor.com\/index.php?rest_route=\/wp\/v2\/users\/1"}],"replies":[{"embeddable":true,"href":"https:\/\/old.gesellschaftslabor.com\/index.php?rest_route=%2Fwp%2Fv2%2Fcomments&post=83"}],"version-history":[{"count":1,"href":"https:\/\/old.gesellschaftslabor.com\/index.php?rest_route=\/wp\/v2\/pages\/83\/revisions"}],"predecessor-version":[{"id":84,"href":"https:\/\/old.gesellschaftslabor.com\/index.php?rest_route=\/wp\/v2\/pages\/83\/revisions\/84"}],"wp:attachment":[{"href":"https:\/\/old.gesellschaftslabor.com\/index.php?rest_route=%2Fwp%2Fv2%2Fmedia&parent=83"}],"curies":[{"name":"wp","href":"https:\/\/api.w.org\/{rel}","templated":true}]}}