{"id":88,"date":"2018-03-31T17:15:29","date_gmt":"2018-03-31T15:15:29","guid":{"rendered":"http:\/\/old.gesellschaftslabor.com\/?page_id=88"},"modified":"2018-03-31T17:16:43","modified_gmt":"2018-03-31T15:16:43","slug":"theaterzumquadrat","status":"publish","type":"page","link":"https:\/\/old.gesellschaftslabor.com\/?page_id=88","title":{"rendered":"Theaterzumquadrat"},"content":{"rendered":"<p><a href=\"http:\/\/www.gesellschaftslabor.com\/wp-content\/uploads\/2015\/04\/hp_start1.jpg\"><img loading=\"lazy\" decoding=\"async\" src=\"http:\/\/www.gesellschaftslabor.com\/wp-content\/uploads\/2015\/04\/hp_start1.jpg\" alt=\"hp_start\" width=\"700\" height=\"435\" class=\"alignnone size-full wp-image-955\" \/><\/a><\/p>\n<p>Wir spielen in unserem Alltag laufend Theater. Nehmen unterschiedlichste Rollen ein, treten, passend verkleidet, auf verschiedensten B\u00fchnen auf und kn\u00fcpfen unterschiedlichste Beziehungen. Mimik, Gestik und Sprache passen wir, wie selbtsverst\u00e4ndlich an das Umfeld an. <\/p>\n<p>Dadurch entstehen laufend perfekte B\u00fchnen mit gro\u00dfartigen SchauspielerInnen, die, wie selbstverst\u00e4ndlich, unglaublich authentische Geschichten auff\u00fchren.<\/p>\n<p>Vergessen Sie die Burg! Theater zum Quadrat n\u00fctzt das perfekte Theaterhaus. Den Alltag. Spielt Theater im Theater. Improvisiert un(d)geplant.<\/p>\n<p>Mehr dazu unter: <a href=\"http:\/\/www.theaterzumquadrat.com\" target=\u201c_blank\u201d>www.theaterzumquadrat.com<\/a><\/p>\n","protected":false},"excerpt":{"rendered":"<p>Wir spielen in unserem Alltag laufend Theater. Nehmen unterschiedlichste Rollen ein, treten, passend verkleidet, auf verschiedensten B\u00fchnen auf und kn\u00fcpfen unterschiedlichste Beziehungen. Mimik, Gestik und Sprache passen wir, wie selbtsverst\u00e4ndlich an das Umfeld an. Dadurch entstehen laufend perfekte B\u00fchnen mit gro\u00dfartigen SchauspielerInnen, die, wie selbstverst\u00e4ndlich, unglaublich authentische Geschichten auff\u00fchren. Vergessen Sie die Burg! Theater zum [&hellip;]<\/p>\n","protected":false},"author":1,"featured_media":0,"parent":0,"menu_order":0,"comment_status":"closed","ping_status":"closed","template":"page-templates\/about-page.php","meta":{"footnotes":""},"class_list":["post-88","page","type-page","status-publish","hentry"],"_links":{"self":[{"href":"https:\/\/old.gesellschaftslabor.com\/index.php?rest_route=\/wp\/v2\/pages\/88","targetHints":{"allow":["GET"]}}],"collection":[{"href":"https:\/\/old.gesellschaftslabor.com\/index.php?rest_route=\/wp\/v2\/pages"}],"about":[{"href":"https:\/\/old.gesellschaftslabor.com\/index.php?rest_route=\/wp\/v2\/types\/page"}],"author":[{"embeddable":true,"href":"https:\/\/old.gesellschaftslabor.com\/index.php?rest_route=\/wp\/v2\/users\/1"}],"replies":[{"embeddable":true,"href":"https:\/\/old.gesellschaftslabor.com\/index.php?rest_route=%2Fwp%2Fv2%2Fcomments&post=88"}],"version-history":[{"count":1,"href":"https:\/\/old.gesellschaftslabor.com\/index.php?rest_route=\/wp\/v2\/pages\/88\/revisions"}],"predecessor-version":[{"id":89,"href":"https:\/\/old.gesellschaftslabor.com\/index.php?rest_route=\/wp\/v2\/pages\/88\/revisions\/89"}],"wp:attachment":[{"href":"https:\/\/old.gesellschaftslabor.com\/index.php?rest_route=%2Fwp%2Fv2%2Fmedia&parent=88"}],"curies":[{"name":"wp","href":"https:\/\/api.w.org\/{rel}","templated":true}]}}