{"id":99,"date":"2018-03-31T17:25:48","date_gmt":"2018-03-31T15:25:48","guid":{"rendered":"http:\/\/old.gesellschaftslabor.com\/?page_id=99"},"modified":"2018-03-31T17:25:48","modified_gmt":"2018-03-31T15:25:48","slug":"zuendspule","status":"publish","type":"page","link":"https:\/\/old.gesellschaftslabor.com\/?page_id=99","title":{"rendered":"Z\u00fcndspule"},"content":{"rendered":"<p><img loading=\"lazy\" decoding=\"async\" src=\"http:\/\/old.gesellschaftslabor.com\/wp-content\/uploads\/2018\/03\/Z\u00fcndspule.jpg\" alt=\"\" width=\"348\" height=\"158\" class=\"alignnone size-full wp-image-100\" srcset=\"https:\/\/old.gesellschaftslabor.com\/wp-content\/uploads\/2018\/03\/Z\u00fcndspule.jpg 348w, https:\/\/old.gesellschaftslabor.com\/wp-content\/uploads\/2018\/03\/Z\u00fcndspule-300x136.jpg 300w\" sizes=\"auto, (max-width: 348px) 100vw, 348px\" \/><\/p>\n<p>Neue Leute, neue Ideen!<\/p>\n<p><strong>Die Idee<\/strong><\/p>\n<p>Das Projekt bietet Dir und anderen Menschen die M\u00f6glichkeit au\u00dfergew\u00f6hnliche Kontakte zu kn\u00fcpfen und damit deinen Alltag zu bereichern. Die Z\u00fcndspule erzeugt dabei, wie in einem Verbrennungsmotor, die n\u00f6tige Energie, um Bewegung zu initiieren. Konkret hei\u00dft das, dass Kontakte zwischen Menschen hergestellt werden, die sonst vielleicht nicht zustande gekommen w\u00e4ren. Du hast unkompliziert die M\u00f6glichkeit, eigene bestehende Muster zu durchbrechen und neue, spannende Leute kennenzulernen.<\/p>\n<p><strong>So funktioniert\u00b4s:<\/strong><\/p>\n<p>In einer Black Box wirst Du mit anderen neugierigen und offenen Personen zusammengew\u00fcrfelt und nach Zufallsprinzip verkn\u00fcpft. Im Gegensatz zu Facebook &amp; Co. spielen Fotos und durch Profile konstruierte Parallelwelten keine Rolle. Du hast ganz bewusst nur sehr eingeschr\u00e4nkte M\u00f6glichkeit zur subjektiven Vorauswahl. Dadurch entstehen Verbindungen, die nicht deinem \u201cg\u00e4ngigen Muster\u201d entsprechen und somit \u00fcberraschend und bereichernd sind. Neue Leute, neue Ideen!<\/p>\n<p><strong>Und jetzt Teil sein:<\/strong><\/p>\n<p>Du f\u00fcllst den Online-Survey unter <a href=\"http:\/\/survs.com\/survey\/f0sxyxpxin\" target=\"_blank\">SURVEY<\/a> aus und befindest Dich damit in der Black-Box. Diese Daten werden nat\u00fcrlich vertraulich behandelt, nicht an Dritte weitergegeben und auch f\u00fcr keine Zwecke au\u00dferhalb der Z\u00fcndspule verwendet. Widerruf jederzeit und immer via mail@gesellschaftslabor.com<br \/>\nEs wird gemischt und Du bekommst entsprechende Kontakt\/e zugesandt.<br \/>\nAlles weitere entscheidet Ihr nach Lust und Laune!<br \/>\nKostet nix und ist absolut unverbindlich! Wir machen das einfach gerne!<\/p>\n","protected":false},"excerpt":{"rendered":"<p>Neue Leute, neue Ideen! Die Idee Das Projekt bietet Dir und anderen Menschen die M\u00f6glichkeit au\u00dfergew\u00f6hnliche Kontakte zu kn\u00fcpfen und damit deinen Alltag zu bereichern. Die Z\u00fcndspule erzeugt dabei, wie in einem Verbrennungsmotor, die n\u00f6tige Energie, um Bewegung zu initiieren. Konkret hei\u00dft das, dass Kontakte zwischen Menschen hergestellt werden, die sonst vielleicht nicht zustande gekommen [&hellip;]<\/p>\n","protected":false},"author":1,"featured_media":0,"parent":0,"menu_order":0,"comment_status":"closed","ping_status":"closed","template":"page-templates\/about-page.php","meta":{"footnotes":""},"class_list":["post-99","page","type-page","status-publish","hentry"],"_links":{"self":[{"href":"https:\/\/old.gesellschaftslabor.com\/index.php?rest_route=\/wp\/v2\/pages\/99","targetHints":{"allow":["GET"]}}],"collection":[{"href":"https:\/\/old.gesellschaftslabor.com\/index.php?rest_route=\/wp\/v2\/pages"}],"about":[{"href":"https:\/\/old.gesellschaftslabor.com\/index.php?rest_route=\/wp\/v2\/types\/page"}],"author":[{"embeddable":true,"href":"https:\/\/old.gesellschaftslabor.com\/index.php?rest_route=\/wp\/v2\/users\/1"}],"replies":[{"embeddable":true,"href":"https:\/\/old.gesellschaftslabor.com\/index.php?rest_route=%2Fwp%2Fv2%2Fcomments&post=99"}],"version-history":[{"count":1,"href":"https:\/\/old.gesellschaftslabor.com\/index.php?rest_route=\/wp\/v2\/pages\/99\/revisions"}],"predecessor-version":[{"id":101,"href":"https:\/\/old.gesellschaftslabor.com\/index.php?rest_route=\/wp\/v2\/pages\/99\/revisions\/101"}],"wp:attachment":[{"href":"https:\/\/old.gesellschaftslabor.com\/index.php?rest_route=%2Fwp%2Fv2%2Fmedia&parent=99"}],"curies":[{"name":"wp","href":"https:\/\/api.w.org\/{rel}","templated":true}]}}